{"id":2638,"date":"2021-03-24T04:06:48","date_gmt":"2021-03-24T04:06:48","guid":{"rendered":"https:\/\/appmedica.io\/controles-batiments-et-infrastructures\/"},"modified":"2021-09-17T12:40:34","modified_gmt":"2021-09-17T12:40:34","slug":"controles-batiments-et-infrastructures","status":"publish","type":"page","link":"https:\/\/appmedica.io\/fr\/controles-batiments-et-infrastructures\/","title":{"rendered":"Contr\u00f4les &#8211; B\u00e2timents et infrastructures"},"content":{"rendered":"<p><div class=\"fusion-fullwidth fullwidth-box fusion-builder-row-1 fusion-flex-container nonhundred-percent-fullwidth non-hundred-percent-height-scrolling\" style=\"--awb-border-radius-top-left:0px;--awb-border-radius-top-right:0px;--awb-border-radius-bottom-right:0px;--awb-border-radius-bottom-left:0px;--awb-margin-bottom:65px;--awb-flex-wrap:wrap;\" ><div class=\"fusion-builder-row fusion-row fusion-flex-align-items-flex-start fusion-flex-content-wrap\" style=\"max-width:1341.6px;margin-left: calc(-4% \/ 2 );margin-right: calc(-4% \/ 2 );\"><div class=\"fusion-layout-column fusion_builder_column fusion-builder-column-0 fusion_builder_column_1_1 1_1 fusion-flex-column\" style=\"--awb-bg-size:cover;--awb-width-large:100%;--awb-margin-top-large:0px;--awb-spacing-right-large:1.92%;--awb-margin-bottom-large:0px;--awb-spacing-left-large:1.92%;--awb-width-medium:100%;--awb-order-medium:0;--awb-spacing-right-medium:1.92%;--awb-spacing-left-medium:1.92%;--awb-width-small:100%;--awb-order-small:0;--awb-spacing-right-small:1.92%;--awb-spacing-left-small:1.92%;\"><div class=\"fusion-column-wrapper fusion-column-has-shadow fusion-flex-justify-content-center fusion-content-layout-row\"><div ><a class=\"fusion-button button-flat fusion-button-default-size button-custom fusion-button-default button-1 fusion-button-default-span h3-przeglady\" style=\"--button_accent_color:#333333;--button_accent_hover_color:#333333;--button_border_hover_color:#ffffff;--button_gradient_top_color:#ffffff;--button_gradient_bottom_color:#ffffff;--button_gradient_top_color_hover:#ffffff;--button_gradient_bottom_color_hover:#ffffff;--button_margin-bottom:25px;\" target=\"_self\" href=\"https:\/\/appmedica.io\/fr\/controles-equipement-medical\/\"><span class=\"fusion-button-text awb-button__text awb-button__text--default\">L&rsquo;\u00e9quipement m\u00e9dical<\/span><\/a><\/div><div ><a class=\"fusion-button button-flat fusion-button-default-size button-custom fusion-button-default button-2 fusion-button-default-span h3-przeglady\" style=\"--button_accent_color:#333333;--button_accent_hover_color:#333333;--button_border_hover_color:#ffffff;--button_gradient_top_color:#ffffff;--button_gradient_bottom_color:#ffffff;--button_gradient_top_color_hover:#ffffff;--button_gradient_bottom_color_hover:#ffffff;--button_margin-bottom:25px;\" target=\"_self\" href=\"#\" id=\"active-przeglady\"><span class=\"fusion-button-text awb-button__text awb-button__text--default\">Les b\u00e2timents et les infrastructures<\/span><\/a><\/div><div ><a class=\"fusion-button button-flat fusion-button-default-size button-custom fusion-button-default button-3 fusion-button-default-span h3-przeglady\" style=\"--button_accent_color:#333333;--button_accent_hover_color:#333333;--button_border_hover_color:#ffffff;--button_gradient_top_color:#ffffff;--button_gradient_bottom_color:#ffffff;--button_gradient_top_color_hover:#ffffff;--button_gradient_bottom_color_hover:#ffffff;--button_margin-bottom:25px;\" target=\"_self\" href=\"https:\/\/appmedica.io\/fr\/controles-equipement-it\/\"><span class=\"fusion-button-text awb-button__text awb-button__text--default\">Le mat\u00e9riel informatique<\/span><\/a><\/div><\/div><\/div><\/div><\/div><div class=\"fusion-fullwidth fullwidth-box fusion-builder-row-2 fusion-flex-container nonhundred-percent-fullwidth non-hundred-percent-height-scrolling\" style=\"--awb-border-radius-top-left:0px;--awb-border-radius-top-right:0px;--awb-border-radius-bottom-right:0px;--awb-border-radius-bottom-left:0px;--awb-flex-wrap:wrap;\" ><div class=\"fusion-builder-row fusion-row fusion-flex-align-items-flex-start fusion-flex-content-wrap\" style=\"max-width:1341.6px;margin-left: calc(-4% \/ 2 );margin-right: calc(-4% \/ 2 );\"><div class=\"fusion-layout-column fusion_builder_column fusion-builder-column-1 fusion_builder_column_3_5 3_5 fusion-flex-column\" style=\"--awb-bg-size:cover;--awb-width-large:60%;--awb-margin-top-large:0px;--awb-spacing-right-large:3.2%;--awb-margin-bottom-large:0px;--awb-spacing-left-large:3.2%;--awb-width-medium:100%;--awb-order-medium:0;--awb-spacing-right-medium:1.92%;--awb-spacing-left-medium:1.92%;--awb-width-small:100%;--awb-order-small:0;--awb-spacing-right-small:1.92%;--awb-spacing-left-small:1.92%;\"><div class=\"fusion-column-wrapper fusion-column-has-shadow fusion-flex-justify-content-flex-start fusion-content-layout-column\"><div class=\"fusion-title title fusion-title-1 fusion-sep-none fusion-title-text fusion-title-size-four\" style=\"--awb-font-size:18px;\"><h4 class=\"fusion-title-heading title-heading-left fusion-responsive-typography-calculated\" style=\"margin:0;font-size:1em;--fontSize:18;--minFontSize:18;line-height:1.5;\"><h4 class=\"title-heading-left fusion-responsive-typography-calculated\" data-fontsize=\"18\" data-lineheight=\"27px\">V\u00e9rifiez les dates de contr\u00f4les p\u00e9riodiques<\/h4><\/h4><\/div><div class=\"fusion-title title fusion-title-2 fusion-sep-none fusion-title-text fusion-title-size-one\" style=\"--awb-margin-top:30px;--awb-margin-bottom:20px;\"><h1 class=\"fusion-title-heading title-heading-left fusion-responsive-typography-calculated\" style=\"margin:0;--fontSize:50;line-height:1.2;\">Assurez-vous que l&rsquo;\u00e9quipement utilis\u00e9 par votre h\u00f4pital est approuv\u00e9<\/h1><\/div><div class=\"fusion-image-element fusion-no-large-visibility\" style=\"text-align:center;--awb-caption-title-font-family:var(--h2_typography-font-family);--awb-caption-title-font-weight:var(--h2_typography-font-weight);--awb-caption-title-font-style:var(--h2_typography-font-style);--awb-caption-title-size:var(--h2_typography-font-size);--awb-caption-title-transform:var(--h2_typography-text-transform);--awb-caption-title-line-height:var(--h2_typography-line-height);--awb-caption-title-letter-spacing:var(--h2_typography-letter-spacing);\"><span class=\" fusion-imageframe imageframe-none imageframe-1 hover-type-none svg-full-width\"><img decoding=\"async\" width=\"1220\" height=\"1128\" title=\"przegl\u0105dy1\" src=\"http:\/\/appmedica.io\/wp-content\/uploads\/2021\/01\/przeglady1.png\" alt class=\"img-responsive wp-image-1301\" srcset=\"https:\/\/appmedica.io\/wp-content\/uploads\/2021\/01\/przeglady1-200x185.png 200w, https:\/\/appmedica.io\/wp-content\/uploads\/2021\/01\/przeglady1-400x370.png 400w, https:\/\/appmedica.io\/wp-content\/uploads\/2021\/01\/przeglady1-600x555.png 600w, https:\/\/appmedica.io\/wp-content\/uploads\/2021\/01\/przeglady1-800x740.png 800w, https:\/\/appmedica.io\/wp-content\/uploads\/2021\/01\/przeglady1-1200x1110.png 1200w, https:\/\/appmedica.io\/wp-content\/uploads\/2021\/01\/przeglady1.png 1220w\" sizes=\"(max-width: 1024px) 100vw, (max-width: 640px) 100vw, 800px\" \/><\/span><\/div><div class=\"fusion-text fusion-text-1 p-desktop-padding-100\"><p>Appmedica organise la gestion des donn\u00e9es relatives aux biens immobiliers et aux infrastructures qui les accompagnent, en contr\u00f4lant toutes les dates des interventions p\u00e9riodiques, avec indication de l&#8217;emplacement physique. Le logiciel permet de planifier le travail des \u00e9quipes en fonction de leur sp\u00e9cialisation.<\/p>\n<\/div><\/div><\/div><div class=\"fusion-layout-column fusion_builder_column fusion-builder-column-2 fusion_builder_column_2_5 2_5 fusion-flex-column\" style=\"--awb-bg-size:cover;--awb-width-large:40%;--awb-margin-top-large:0px;--awb-spacing-right-large:4.8%;--awb-margin-bottom-large:0px;--awb-spacing-left-large:4.8%;--awb-width-medium:100%;--awb-order-medium:0;--awb-spacing-right-medium:1.92%;--awb-spacing-left-medium:1.92%;--awb-width-small:100%;--awb-order-small:0;--awb-spacing-right-small:1.92%;--awb-spacing-left-small:1.92%;\"><div class=\"fusion-column-wrapper fusion-column-has-shadow fusion-flex-justify-content-flex-start fusion-content-layout-column\"><div class=\"fusion-image-element fusion-no-small-visibility fusion-no-medium-visibility\" style=\"text-align:center;--awb-caption-title-font-family:var(--h2_typography-font-family);--awb-caption-title-font-weight:var(--h2_typography-font-weight);--awb-caption-title-font-style:var(--h2_typography-font-style);--awb-caption-title-size:var(--h2_typography-font-size);--awb-caption-title-transform:var(--h2_typography-text-transform);--awb-caption-title-line-height:var(--h2_typography-line-height);--awb-caption-title-letter-spacing:var(--h2_typography-letter-spacing);\"><span class=\" fusion-imageframe imageframe-none imageframe-2 hover-type-none svg-full-width\"><img decoding=\"async\" width=\"1220\" height=\"1128\" title=\"przegl\u0105dy1\" src=\"http:\/\/appmedica.io\/wp-content\/uploads\/2021\/01\/przeglady1.png\" alt class=\"img-responsive wp-image-1301\" srcset=\"https:\/\/appmedica.io\/wp-content\/uploads\/2021\/01\/przeglady1-200x185.png 200w, https:\/\/appmedica.io\/wp-content\/uploads\/2021\/01\/przeglady1-400x370.png 400w, https:\/\/appmedica.io\/wp-content\/uploads\/2021\/01\/przeglady1-600x555.png 600w, https:\/\/appmedica.io\/wp-content\/uploads\/2021\/01\/przeglady1-800x740.png 800w, https:\/\/appmedica.io\/wp-content\/uploads\/2021\/01\/przeglady1-1200x1110.png 1200w, https:\/\/appmedica.io\/wp-content\/uploads\/2021\/01\/przeglady1.png 1220w\" sizes=\"(max-width: 1024px) 100vw, (max-width: 640px) 100vw, 600px\" \/><\/span><\/div><\/div><\/div><\/div><\/div><div class=\"fusion-fullwidth fullwidth-box fusion-builder-row-3 fusion-flex-container nonhundred-percent-fullwidth non-hundred-percent-height-scrolling\" style=\"--awb-border-radius-top-left:0px;--awb-border-radius-top-right:0px;--awb-border-radius-bottom-right:0px;--awb-border-radius-bottom-left:0px;--awb-margin-top:60px;--awb-flex-wrap:wrap;\" ><div class=\"fusion-builder-row fusion-row fusion-flex-align-items-flex-start fusion-flex-content-wrap\" style=\"max-width:1341.6px;margin-left: calc(-4% \/ 2 );margin-right: calc(-4% \/ 2 );\"><div class=\"fusion-layout-column fusion_builder_column fusion-builder-column-3 fusion_builder_column_1_3 1_3 fusion-flex-column\" style=\"--awb-bg-size:cover;--awb-width-large:33.333333333333%;--awb-margin-top-large:0px;--awb-spacing-right-large:5.76%;--awb-margin-bottom-large:0px;--awb-spacing-left-large:5.76%;--awb-width-medium:100%;--awb-order-medium:0;--awb-spacing-right-medium:1.92%;--awb-spacing-left-medium:1.92%;--awb-width-small:100%;--awb-order-small:0;--awb-spacing-right-small:1.92%;--awb-spacing-left-small:1.92%;\"><div class=\"fusion-column-wrapper fusion-column-has-shadow fusion-flex-justify-content-flex-start fusion-content-layout-column\"><div class=\"fusion-title title fusion-title-3 fusion-sep-none fusion-title-text fusion-title-size-three\"><h3 class=\"fusion-title-heading title-heading-left fusion-responsive-typography-calculated\" style=\"margin:0;--fontSize:21;--minFontSize:21;line-height:1.33;\">Toutes les inspections en un seul endroit<\/h3><\/div><div class=\"fusion-text fusion-text-2\"><p>Avec Appmedica, vous avez acc\u00e8s aux activit\u00e9s p\u00e9riodiques r\u00e9alis\u00e9es et planifi\u00e9es. Vous pouvez facilement trouver des informations sur ce qui a \u00e9t\u00e9 fait ces derni\u00e8res ann\u00e9es et sur ce qui doit \u00eatre fait \u00e0 l&rsquo;avenir.<\/p>\n<\/div><\/div><\/div><div class=\"fusion-layout-column fusion_builder_column fusion-builder-column-4 fusion_builder_column_1_3 1_3 fusion-flex-column\" style=\"--awb-bg-size:cover;--awb-width-large:33.333333333333%;--awb-margin-top-large:0px;--awb-spacing-right-large:5.76%;--awb-margin-bottom-large:0px;--awb-spacing-left-large:5.76%;--awb-width-medium:100%;--awb-order-medium:0;--awb-spacing-right-medium:1.92%;--awb-spacing-left-medium:1.92%;--awb-width-small:100%;--awb-order-small:0;--awb-spacing-right-small:1.92%;--awb-spacing-left-small:1.92%;\"><div class=\"fusion-column-wrapper fusion-column-has-shadow fusion-flex-justify-content-flex-start fusion-content-layout-column\"><div class=\"fusion-title title fusion-title-4 fusion-sep-none fusion-title-text fusion-title-size-three\"><h3 class=\"fusion-title-heading title-heading-left fusion-responsive-typography-calculated\" style=\"margin:0;--fontSize:21;--minFontSize:21;line-height:1.33;\">Vous savez o\u00f9 chercher<\/h3><\/div><div class=\"fusion-text fusion-text-3\"><p>Une inspection de l&rsquo;ascenseur est pr\u00e9vue ? Vous n&rsquo;avez pas \u00e0 vous demander quel ascenseur est concern\u00e9. Appmedica propose d&rsquo;affecter l&rsquo;infrastructure \u00e0 son emplacement physique.<\/p>\n<\/div><\/div><\/div><div class=\"fusion-layout-column fusion_builder_column fusion-builder-column-5 fusion_builder_column_1_3 1_3 fusion-flex-column\" style=\"--awb-bg-size:cover;--awb-width-large:33.333333333333%;--awb-margin-top-large:0px;--awb-spacing-right-large:5.76%;--awb-margin-bottom-large:0px;--awb-spacing-left-large:5.76%;--awb-width-medium:100%;--awb-order-medium:0;--awb-spacing-right-medium:1.92%;--awb-spacing-left-medium:1.92%;--awb-width-small:100%;--awb-order-small:0;--awb-spacing-right-small:1.92%;--awb-spacing-left-small:1.92%;\"><div class=\"fusion-column-wrapper fusion-column-has-shadow fusion-flex-justify-content-flex-start fusion-content-layout-column\"><div class=\"fusion-title title fusion-title-5 fusion-sep-none fusion-title-text fusion-title-size-three\"><h3 class=\"fusion-title-heading title-heading-left fusion-responsive-typography-calculated\" style=\"margin:0;--fontSize:21;--minFontSize:21;line-height:1.33;\">Il suffit de planifier<\/h3><\/div><div class=\"fusion-text fusion-text-4\"><p>Gr\u00e2ce \u00e0 la fonction de notification \u00e9tendue du syst\u00e8me, vous n&rsquo;avez pas \u00e0 vous rappeler quoi, quand et o\u00f9 doit \u00eatre fait. Appmedica vous rappellera les inspections \u00e0 venir, par exemple de l&rsquo;installation \u00e9lectrique, et vous permettra de planifier la date de leur mise en \u0153uvre et de d\u00e9signer une \u00e9quipe pour s&rsquo;en occuper<\/p>\n<\/div><\/div><\/div><\/div><\/div><div class=\"fusion-fullwidth fullwidth-box fusion-builder-row-4 fusion-flex-container nonhundred-percent-fullwidth non-hundred-percent-height-scrolling\" style=\"--awb-border-radius-top-left:0px;--awb-border-radius-top-right:0px;--awb-border-radius-bottom-right:0px;--awb-border-radius-bottom-left:0px;--awb-margin-top:190px;--awb-margin-bottom:100px;--awb-flex-wrap:wrap;\" ><div class=\"fusion-builder-row fusion-row fusion-flex-align-items-center fusion-flex-content-wrap\" style=\"max-width:1341.6px;margin-left: calc(-4% \/ 2 );margin-right: calc(-4% \/ 2 );\"><div class=\"fusion-layout-column fusion_builder_column fusion-builder-column-6 fusion_builder_column_1_1 1_1 fusion-flex-column\" style=\"--awb-bg-size:cover;--awb-width-large:100%;--awb-margin-top-large:0px;--awb-spacing-right-large:1.92%;--awb-margin-bottom-large:0px;--awb-spacing-left-large:1.92%;--awb-width-medium:100%;--awb-order-medium:0;--awb-spacing-right-medium:1.92%;--awb-spacing-left-medium:1.92%;--awb-width-small:100%;--awb-order-small:0;--awb-spacing-right-small:1.92%;--awb-spacing-left-small:1.92%;\"><div class=\"fusion-column-wrapper fusion-column-has-shadow fusion-flex-justify-content-flex-start fusion-content-layout-column\"><div class=\"fusion-title title fusion-title-6 fusion-sep-none fusion-title-center fusion-title-text fusion-title-size-four\" style=\"--awb-font-size:18px;\"><h4 class=\"fusion-title-heading title-heading-center fusion-responsive-typography-calculated\" style=\"margin:0;font-size:1em;--fontSize:18;--minFontSize:18;line-height:1.5;\">Vous voulez passer au niveau sup\u00e9rieur dans la gestion ?<\/h4><\/div><div class=\"fusion-title title fusion-title-7 fusion-sep-none fusion-title-center fusion-title-text fusion-title-size-one\" style=\"--awb-margin-top:30px;--awb-margin-bottom:20px;\"><h1 class=\"fusion-title-heading title-heading-center fusion-responsive-typography-calculated\" style=\"margin:0;--fontSize:50;line-height:1.2;\">Rejoignez nos Clients satisfaits<\/h1><\/div><div style=\"text-align:center;\"><a class=\"fusion-button button-flat button-xlarge button-custom fusion-button-default button-4 fusion-button-default-span \" style=\"--button_accent_color:#ffffff;--button_border_color:#4bbe7c;--button_accent_hover_color:#ffffff;--button_border_hover_color:#4bbe7c;--button_border_width-top:2px;--button_border_width-right:2px;--button_border_width-bottom:2px;--button_border_width-left:2px;--button_gradient_top_color:#4bbe7c;--button_gradient_bottom_color:#4bbe7c;--button_gradient_top_color_hover:#4bbe7c;--button_gradient_bottom_color_hover:#4bbe7c;--button_text_transform:none;--button_margin-top:80px;\" target=\"_self\" href=\"https:\/\/appmedica.io\/fr\/contactez-nous-2\/\"><span class=\"fusion-button-text awb-button__text awb-button__text--default\">Contactez-nous<\/span><\/a><\/div><\/div><\/div><\/div><\/div><\/p>\n","protected":false},"excerpt":{"rendered":"","protected":false},"author":2,"featured_media":0,"parent":0,"menu_order":0,"comment_status":"closed","ping_status":"closed","template":"","meta":{"inline_featured_image":false,"footnotes":""},"class_list":["post-2638","page","type-page","status-publish","hentry"],"yoast_head":"<!-- This site is optimized with the Yoast SEO plugin v27.5 - https:\/\/yoast.com\/product\/yoast-seo-wordpress\/ -->\n<title>Contr\u00f4les - B\u00e2timents et infrastructures - Appmedica<\/title>\n<meta name=\"robots\" content=\"index, follow, max-snippet:-1, max-image-preview:large, max-video-preview:-1\" \/>\n<link rel=\"canonical\" href=\"https:\/\/appmedica.io\/fr\/controles-batiments-et-infrastructures\/\" \/>\n<meta property=\"og:locale\" content=\"fr_FR\" \/>\n<meta property=\"og:type\" content=\"article\" \/>\n<meta property=\"og:title\" content=\"Contr\u00f4les - B\u00e2timents et infrastructures - Appmedica\" \/>\n<meta property=\"og:url\" content=\"https:\/\/appmedica.io\/fr\/controles-batiments-et-infrastructures\/\" \/>\n<meta property=\"og:site_name\" content=\"Appmedica\" \/>\n<meta property=\"article:modified_time\" content=\"2021-09-17T12:40:34+00:00\" \/>\n<meta name=\"twitter:card\" content=\"summary_large_image\" \/>\n<meta name=\"twitter:label1\" content=\"Dur\u00e9e de lecture estim\u00e9e\" \/>\n\t<meta name=\"twitter:data1\" content=\"25 minutes\" \/>\n<script type=\"application\/ld+json\" class=\"yoast-schema-graph\">{\"@context\":\"https:\\\/\\\/schema.org\",\"@graph\":[{\"@type\":\"WebPage\",\"@id\":\"https:\\\/\\\/appmedica.io\\\/fr\\\/controles-batiments-et-infrastructures\\\/\",\"url\":\"https:\\\/\\\/appmedica.io\\\/fr\\\/controles-batiments-et-infrastructures\\\/\",\"name\":\"Contr\u00f4les - B\u00e2timents et infrastructures - Appmedica\",\"isPartOf\":{\"@id\":\"https:\\\/\\\/appmedica.io\\\/en\\\/#website\"},\"datePublished\":\"2021-03-24T04:06:48+00:00\",\"dateModified\":\"2021-09-17T12:40:34+00:00\",\"breadcrumb\":{\"@id\":\"https:\\\/\\\/appmedica.io\\\/fr\\\/controles-batiments-et-infrastructures\\\/#breadcrumb\"},\"inLanguage\":\"fr-FR\",\"potentialAction\":[{\"@type\":\"ReadAction\",\"target\":[\"https:\\\/\\\/appmedica.io\\\/fr\\\/controles-batiments-et-infrastructures\\\/\"]}]},{\"@type\":\"BreadcrumbList\",\"@id\":\"https:\\\/\\\/appmedica.io\\\/fr\\\/controles-batiments-et-infrastructures\\\/#breadcrumb\",\"itemListElement\":[{\"@type\":\"ListItem\",\"position\":1,\"name\":\"Strona g\u0142\u00f3wna\",\"item\":\"https:\\\/\\\/appmedica.io\\\/\"},{\"@type\":\"ListItem\",\"position\":2,\"name\":\"Contr\u00f4les &#8211; B\u00e2timents et infrastructures\"}]},{\"@type\":\"WebSite\",\"@id\":\"https:\\\/\\\/appmedica.io\\\/en\\\/#website\",\"url\":\"https:\\\/\\\/appmedica.io\\\/en\\\/\",\"name\":\"Appmedica\",\"description\":\"CMMS dla szpitali i przychodni\",\"publisher\":{\"@id\":\"https:\\\/\\\/appmedica.io\\\/en\\\/#organization\"},\"potentialAction\":[{\"@type\":\"SearchAction\",\"target\":{\"@type\":\"EntryPoint\",\"urlTemplate\":\"https:\\\/\\\/appmedica.io\\\/en\\\/?s={search_term_string}\"},\"query-input\":{\"@type\":\"PropertyValueSpecification\",\"valueRequired\":true,\"valueName\":\"search_term_string\"}}],\"inLanguage\":\"fr-FR\"},{\"@type\":\"Organization\",\"@id\":\"https:\\\/\\\/appmedica.io\\\/en\\\/#organization\",\"name\":\"Invest It Sp. z o.o.\",\"url\":\"https:\\\/\\\/appmedica.io\\\/en\\\/\",\"logo\":{\"@type\":\"ImageObject\",\"inLanguage\":\"fr-FR\",\"@id\":\"https:\\\/\\\/appmedica.io\\\/en\\\/#\\\/schema\\\/logo\\\/image\\\/\",\"url\":\"http:\\\/\\\/appmedica.io\\\/wp-content\\\/uploads\\\/2021\\\/04\\\/logo-invest-horizontal-1.svg\",\"contentUrl\":\"http:\\\/\\\/appmedica.io\\\/wp-content\\\/uploads\\\/2021\\\/04\\\/logo-invest-horizontal-1.svg\",\"width\":212,\"height\":66,\"caption\":\"Invest It Sp. z o.o.\"},\"image\":{\"@id\":\"https:\\\/\\\/appmedica.io\\\/en\\\/#\\\/schema\\\/logo\\\/image\\\/\"}}]}<\/script>\n<!-- \/ Yoast SEO plugin. -->","yoast_head_json":{"title":"Contr\u00f4les - B\u00e2timents et infrastructures - Appmedica","robots":{"index":"index","follow":"follow","max-snippet":"max-snippet:-1","max-image-preview":"max-image-preview:large","max-video-preview":"max-video-preview:-1"},"canonical":"https:\/\/appmedica.io\/fr\/controles-batiments-et-infrastructures\/","og_locale":"fr_FR","og_type":"article","og_title":"Contr\u00f4les - B\u00e2timents et infrastructures - Appmedica","og_url":"https:\/\/appmedica.io\/fr\/controles-batiments-et-infrastructures\/","og_site_name":"Appmedica","article_modified_time":"2021-09-17T12:40:34+00:00","twitter_card":"summary_large_image","twitter_misc":{"Dur\u00e9e de lecture estim\u00e9e":"25 minutes"},"schema":{"@context":"https:\/\/schema.org","@graph":[{"@type":"WebPage","@id":"https:\/\/appmedica.io\/fr\/controles-batiments-et-infrastructures\/","url":"https:\/\/appmedica.io\/fr\/controles-batiments-et-infrastructures\/","name":"Contr\u00f4les - B\u00e2timents et infrastructures - Appmedica","isPartOf":{"@id":"https:\/\/appmedica.io\/en\/#website"},"datePublished":"2021-03-24T04:06:48+00:00","dateModified":"2021-09-17T12:40:34+00:00","breadcrumb":{"@id":"https:\/\/appmedica.io\/fr\/controles-batiments-et-infrastructures\/#breadcrumb"},"inLanguage":"fr-FR","potentialAction":[{"@type":"ReadAction","target":["https:\/\/appmedica.io\/fr\/controles-batiments-et-infrastructures\/"]}]},{"@type":"BreadcrumbList","@id":"https:\/\/appmedica.io\/fr\/controles-batiments-et-infrastructures\/#breadcrumb","itemListElement":[{"@type":"ListItem","position":1,"name":"Strona g\u0142\u00f3wna","item":"https:\/\/appmedica.io\/"},{"@type":"ListItem","position":2,"name":"Contr\u00f4les &#8211; B\u00e2timents et infrastructures"}]},{"@type":"WebSite","@id":"https:\/\/appmedica.io\/en\/#website","url":"https:\/\/appmedica.io\/en\/","name":"Appmedica","description":"CMMS dla szpitali i przychodni","publisher":{"@id":"https:\/\/appmedica.io\/en\/#organization"},"potentialAction":[{"@type":"SearchAction","target":{"@type":"EntryPoint","urlTemplate":"https:\/\/appmedica.io\/en\/?s={search_term_string}"},"query-input":{"@type":"PropertyValueSpecification","valueRequired":true,"valueName":"search_term_string"}}],"inLanguage":"fr-FR"},{"@type":"Organization","@id":"https:\/\/appmedica.io\/en\/#organization","name":"Invest It Sp. z o.o.","url":"https:\/\/appmedica.io\/en\/","logo":{"@type":"ImageObject","inLanguage":"fr-FR","@id":"https:\/\/appmedica.io\/en\/#\/schema\/logo\/image\/","url":"http:\/\/appmedica.io\/wp-content\/uploads\/2021\/04\/logo-invest-horizontal-1.svg","contentUrl":"http:\/\/appmedica.io\/wp-content\/uploads\/2021\/04\/logo-invest-horizontal-1.svg","width":212,"height":66,"caption":"Invest It Sp. z o.o."},"image":{"@id":"https:\/\/appmedica.io\/en\/#\/schema\/logo\/image\/"}}]}},"_links":{"self":[{"href":"https:\/\/appmedica.io\/fr\/wp-json\/wp\/v2\/pages\/2638","targetHints":{"allow":["GET"]}}],"collection":[{"href":"https:\/\/appmedica.io\/fr\/wp-json\/wp\/v2\/pages"}],"about":[{"href":"https:\/\/appmedica.io\/fr\/wp-json\/wp\/v2\/types\/page"}],"author":[{"embeddable":true,"href":"https:\/\/appmedica.io\/fr\/wp-json\/wp\/v2\/users\/2"}],"replies":[{"embeddable":true,"href":"https:\/\/appmedica.io\/fr\/wp-json\/wp\/v2\/comments?post=2638"}],"version-history":[{"count":38,"href":"https:\/\/appmedica.io\/fr\/wp-json\/wp\/v2\/pages\/2638\/revisions"}],"predecessor-version":[{"id":5274,"href":"https:\/\/appmedica.io\/fr\/wp-json\/wp\/v2\/pages\/2638\/revisions\/5274"}],"wp:attachment":[{"href":"https:\/\/appmedica.io\/fr\/wp-json\/wp\/v2\/media?parent=2638"}],"curies":[{"name":"wp","href":"https:\/\/api.w.org\/{rel}","templated":true}]}}