{"id":2669,"date":"2021-03-24T04:41:57","date_gmt":"2021-03-24T04:41:57","guid":{"rendered":"https:\/\/appmedica.io\/deploiements-dedies\/"},"modified":"2021-09-01T11:56:20","modified_gmt":"2021-09-01T11:56:20","slug":"deploiements-dedies","status":"publish","type":"page","link":"https:\/\/appmedica.io\/fr\/deploiements-dedies\/","title":{"rendered":"D\u00e9ploiements d\u00e9di\u00e9s"},"content":{"rendered":"<p><div class=\"fusion-fullwidth fullwidth-box fusion-builder-row-1 fusion-flex-container nonhundred-percent-fullwidth non-hundred-percent-height-scrolling\" style=\"--awb-border-radius-top-left:0px;--awb-border-radius-top-right:0px;--awb-border-radius-bottom-right:0px;--awb-border-radius-bottom-left:0px;--awb-flex-wrap:wrap;\" ><div class=\"fusion-builder-row fusion-row fusion-flex-align-items-flex-start fusion-flex-content-wrap\" style=\"max-width:1341.6px;margin-left: calc(-4% \/ 2 );margin-right: calc(-4% \/ 2 );\"><div class=\"fusion-layout-column fusion_builder_column fusion-builder-column-0 fusion_builder_column_1_6 1_6 fusion-flex-column\" style=\"--awb-bg-size:cover;--awb-width-large:16.666666666667%;--awb-margin-top-large:0px;--awb-spacing-right-large:11.52%;--awb-margin-bottom-large:0px;--awb-spacing-left-large:11.52%;--awb-width-medium:100%;--awb-order-medium:0;--awb-spacing-right-medium:1.92%;--awb-spacing-left-medium:1.92%;--awb-width-small:100%;--awb-order-small:0;--awb-spacing-right-small:1.92%;--awb-spacing-left-small:1.92%;\"><div class=\"fusion-column-wrapper fusion-column-has-shadow fusion-flex-justify-content-flex-start fusion-content-layout-column\"><\/div><\/div><div class=\"fusion-layout-column fusion_builder_column fusion-builder-column-1 fusion_builder_column_2_3 2_3 fusion-flex-column\" style=\"--awb-bg-size:cover;--awb-width-large:66.666666666667%;--awb-margin-top-large:10px;--awb-spacing-right-large:2.88%;--awb-margin-bottom-large:0px;--awb-spacing-left-large:2.88%;--awb-width-medium:100%;--awb-order-medium:0;--awb-spacing-right-medium:1.92%;--awb-spacing-left-medium:1.92%;--awb-width-small:100%;--awb-order-small:0;--awb-spacing-right-small:1.92%;--awb-spacing-left-small:1.92%;\"><div class=\"fusion-column-wrapper fusion-column-has-shadow fusion-flex-justify-content-flex-start fusion-content-layout-column\"><div class=\"fusion-title title fusion-title-1 fusion-sep-none fusion-title-center fusion-title-text fusion-title-size-four\" style=\"--awb-text-color:#4bbe7c;\"><h4 class=\"fusion-title-heading title-heading-center fusion-responsive-typography-calculated\" style=\"margin:0;--fontSize:18;--minFontSize:18;line-height:1.5;\">D\u00e9ploiements d\u00e9di\u00e9s pour le secteur m\u00e9dical<\/h4><\/div><div class=\"fusion-title title fusion-title-2 fusion-sep-none fusion-title-center fusion-title-text fusion-title-size-one\"><h1 class=\"fusion-title-heading title-heading-center fusion-responsive-typography-calculated\" style=\"margin:0;--fontSize:50;line-height:1.2;\"><p style=\"text-align: center;\"><span data-sheets-value=\"\" data-sheets-userformat=\"\">Vous avez <\/span>une id\u00e9e ? Nous pouvons la r\u00e9aliser !<\/p><\/h1><\/div><div class=\"fusion-text fusion-text-1\"><p style=\"text-align: center;\">L&rsquo;\u00e9quipe d&rsquo;Appmedica est un groupe de personnes charg\u00e9 de t\u00e2ches sp\u00e9ciales, qui transforme toute id\u00e9e en solution. Notre point fort est la connaissance de secteur m\u00e9dical. Nous avons de l&rsquo;exp\u00e9rience dans la cr\u00e9ation des syst\u00e8mes de domaine.<\/p>\n<\/div><div class=\"fusion-image-element \" style=\"--awb-caption-title-font-family:var(--h2_typography-font-family);--awb-caption-title-font-weight:var(--h2_typography-font-weight);--awb-caption-title-font-style:var(--h2_typography-font-style);--awb-caption-title-size:var(--h2_typography-font-size);--awb-caption-title-transform:var(--h2_typography-text-transform);--awb-caption-title-line-height:var(--h2_typography-line-height);--awb-caption-title-letter-spacing:var(--h2_typography-letter-spacing);\"><span class=\" fusion-imageframe imageframe-none imageframe-1 hover-type-none\"><img decoding=\"async\" width=\"932\" height=\"565\" title=\"wdrozenia1\" src=\"http:\/\/appmedica.io\/wp-content\/uploads\/2021\/02\/wdrozenia1.svg\" alt class=\"img-responsive wp-image-1586\"\/><\/span><\/div><\/div><\/div><div class=\"fusion-layout-column fusion_builder_column fusion-builder-column-2 fusion_builder_column_1_6 1_6 fusion-flex-column\" style=\"--awb-bg-size:cover;--awb-width-large:16.666666666667%;--awb-margin-top-large:0px;--awb-spacing-right-large:11.52%;--awb-margin-bottom-large:0px;--awb-spacing-left-large:11.52%;--awb-width-medium:100%;--awb-order-medium:0;--awb-spacing-right-medium:1.92%;--awb-spacing-left-medium:1.92%;--awb-width-small:100%;--awb-order-small:0;--awb-spacing-right-small:1.92%;--awb-spacing-left-small:1.92%;\"><div class=\"fusion-column-wrapper fusion-column-has-shadow fusion-flex-justify-content-flex-start fusion-content-layout-column\"><\/div><\/div><\/div><\/div><div class=\"fusion-fullwidth fullwidth-box fusion-builder-row-2 fusion-flex-container nonhundred-percent-fullwidth non-hundred-percent-height-scrolling\" style=\"--awb-border-radius-top-left:0px;--awb-border-radius-top-right:0px;--awb-border-radius-bottom-right:0px;--awb-border-radius-bottom-left:0px;--awb-margin-top:160px;--awb-flex-wrap:wrap;\" ><div class=\"fusion-builder-row fusion-row fusion-flex-align-items-flex-start fusion-flex-content-wrap\" style=\"max-width:1341.6px;margin-left: calc(-4% \/ 2 );margin-right: calc(-4% \/ 2 );\"><div class=\"fusion-layout-column fusion_builder_column fusion-builder-column-3 fusion_builder_column_1_2 1_2 fusion-flex-column\" style=\"--awb-bg-size:cover;--awb-width-large:50%;--awb-margin-top-large:0px;--awb-spacing-right-large:3.84%;--awb-margin-bottom-large:0px;--awb-spacing-left-large:3.84%;--awb-width-medium:100%;--awb-order-medium:0;--awb-spacing-right-medium:1.92%;--awb-spacing-left-medium:1.92%;--awb-width-small:100%;--awb-order-small:0;--awb-spacing-right-small:1.92%;--awb-spacing-left-small:1.92%;\"><div class=\"fusion-column-wrapper fusion-column-has-shadow fusion-flex-justify-content-flex-start fusion-content-layout-column\"><div class=\"fusion-title title fusion-title-3 fusion-sep-none fusion-title-center fusion-title-text fusion-title-size-one\"><h1 class=\"fusion-title-heading title-heading-center fusion-responsive-typography-calculated\" style=\"margin:0;--fontSize:50;line-height:1.2;\"><p style=\"text-align: left;\">Nous nous occupons de la mod\u00e9lisation des processus et de l&rsquo;int\u00e9gration des outils.<\/p><\/h1><\/div><div class=\"fusion-image-element md-text-align-center sm-text-align-center fusion-no-large-visibility\" style=\"text-align:right;--awb-caption-title-font-family:var(--h2_typography-font-family);--awb-caption-title-font-weight:var(--h2_typography-font-weight);--awb-caption-title-font-style:var(--h2_typography-font-style);--awb-caption-title-size:var(--h2_typography-font-size);--awb-caption-title-transform:var(--h2_typography-text-transform);--awb-caption-title-line-height:var(--h2_typography-line-height);--awb-caption-title-letter-spacing:var(--h2_typography-letter-spacing);\"><span class=\" fusion-imageframe imageframe-none imageframe-2 hover-type-none\"><img decoding=\"async\" width=\"417\" height=\"422\" title=\"wdrozenia2\" src=\"http:\/\/appmedica.io\/wp-content\/uploads\/2021\/02\/wdrozenia2.svg\" alt class=\"img-responsive wp-image-1590\"\/><\/span><\/div><div class=\"fusion-text fusion-text-2\"><p style=\"text-align: left;\">Nous avons de l&rsquo;exp\u00e9rience dans les technologies de r\u00e9alit\u00e9 augment\u00e9e AR et 3D. Nous sommes fiers de la mise en oeuvre de l&rsquo;application de mod\u00e9lisation de traitements 3D r\u00e9alis\u00e9e pour le World Hearing Center de Kajetany (Pologne).<\/p>\n<\/div><\/div><\/div><div class=\"fusion-layout-column fusion_builder_column fusion-builder-column-4 fusion_builder_column_1_2 1_2 fusion-flex-column\" style=\"--awb-bg-size:cover;--awb-width-large:50%;--awb-margin-top-large:0px;--awb-spacing-right-large:3.84%;--awb-margin-bottom-large:0px;--awb-spacing-left-large:3.84%;--awb-width-medium:100%;--awb-order-medium:0;--awb-spacing-right-medium:1.92%;--awb-spacing-left-medium:1.92%;--awb-width-small:100%;--awb-order-small:0;--awb-spacing-right-small:1.92%;--awb-spacing-left-small:1.92%;\"><div class=\"fusion-column-wrapper fusion-column-has-shadow fusion-flex-justify-content-flex-start fusion-content-layout-column\"><div class=\"fusion-image-element md-text-align-center sm-text-align-center fusion-no-small-visibility fusion-no-medium-visibility\" style=\"text-align:right;--awb-caption-title-font-family:var(--h2_typography-font-family);--awb-caption-title-font-weight:var(--h2_typography-font-weight);--awb-caption-title-font-style:var(--h2_typography-font-style);--awb-caption-title-size:var(--h2_typography-font-size);--awb-caption-title-transform:var(--h2_typography-text-transform);--awb-caption-title-line-height:var(--h2_typography-line-height);--awb-caption-title-letter-spacing:var(--h2_typography-letter-spacing);\"><span class=\" fusion-imageframe imageframe-none imageframe-3 hover-type-none\"><img decoding=\"async\" width=\"417\" height=\"422\" title=\"wdrozenia2\" src=\"http:\/\/appmedica.io\/wp-content\/uploads\/2021\/02\/wdrozenia2.svg\" alt class=\"img-responsive wp-image-1590\"\/><\/span><\/div><\/div><\/div><\/div><\/div><div class=\"fusion-fullwidth fullwidth-box fusion-builder-row-3 fusion-flex-container nonhundred-percent-fullwidth non-hundred-percent-height-scrolling\" style=\"--awb-border-radius-top-left:0px;--awb-border-radius-top-right:0px;--awb-border-radius-bottom-right:0px;--awb-border-radius-bottom-left:0px;--awb-margin-top:160px;--awb-flex-wrap:wrap;\" ><div class=\"fusion-builder-row fusion-row fusion-flex-align-items-flex-start fusion-flex-content-wrap\" style=\"max-width:1341.6px;margin-left: calc(-4% \/ 2 );margin-right: calc(-4% \/ 2 );\"><div class=\"fusion-layout-column fusion_builder_column fusion-builder-column-5 fusion_builder_column_1_1 1_1 fusion-flex-column\" style=\"--awb-bg-size:cover;--awb-width-large:100%;--awb-margin-top-large:10px;--awb-spacing-right-large:1.92%;--awb-margin-bottom-large:0px;--awb-spacing-left-large:1.92%;--awb-width-medium:100%;--awb-order-medium:0;--awb-spacing-right-medium:1.92%;--awb-spacing-left-medium:1.92%;--awb-width-small:100%;--awb-order-small:0;--awb-spacing-right-small:1.92%;--awb-spacing-left-small:1.92%;\"><div class=\"fusion-column-wrapper fusion-column-has-shadow fusion-flex-justify-content-flex-start fusion-content-layout-column\"><div class=\"fusion-title title fusion-title-4 fusion-sep-none fusion-title-center fusion-title-text fusion-title-size-one\"><h1 class=\"fusion-title-heading title-heading-center fusion-responsive-typography-calculated\" style=\"margin:0;--fontSize:50;line-height:1.2;\"><p style=\"text-align: center;\">Nous avons mis en place des solutions d\u00e9di\u00e9es<br \/>\npour les plus grands \u00e9tablissements de sant\u00e9 en Pologne<\/p><\/h1><\/div><\/div><\/div><div class=\"fusion-layout-column fusion_builder_column fusion-builder-column-6 fusion_builder_column_1_3 1_3 fusion-flex-column\" style=\"--awb-bg-size:cover;--awb-width-large:33.333333333333%;--awb-margin-top-large:0px;--awb-spacing-right-large:5.76%;--awb-margin-bottom-large:0px;--awb-spacing-left-large:5.76%;--awb-width-medium:100%;--awb-order-medium:0;--awb-spacing-right-medium:1.92%;--awb-spacing-left-medium:1.92%;--awb-width-small:100%;--awb-order-small:0;--awb-spacing-right-small:1.92%;--awb-spacing-left-small:1.92%;\"><div class=\"fusion-column-wrapper fusion-column-has-shadow fusion-flex-justify-content-flex-start fusion-content-layout-column\"><div class=\"fusion-image-element \" style=\"text-align:center;--awb-caption-title-font-family:var(--h2_typography-font-family);--awb-caption-title-font-weight:var(--h2_typography-font-weight);--awb-caption-title-font-style:var(--h2_typography-font-style);--awb-caption-title-size:var(--h2_typography-font-size);--awb-caption-title-transform:var(--h2_typography-text-transform);--awb-caption-title-line-height:var(--h2_typography-line-height);--awb-caption-title-letter-spacing:var(--h2_typography-letter-spacing);\"><span class=\" fusion-imageframe imageframe-none imageframe-4 hover-type-none same-image-frames-here\"><img decoding=\"async\" width=\"362\" height=\"170\" title=\"klient1\" src=\"http:\/\/appmedica.io\/wp-content\/uploads\/2021\/02\/klient1.svg\" alt class=\"img-responsive wp-image-1557\"\/><\/span><\/div><div class=\"fusion-text fusion-text-3 h4-black-here\" style=\"--awb-text-color:#000000;\"><h3 style=\"text-align: left;\">Luxmed (le groupe BUPA)<\/h3>\n<\/div><div class=\"fusion-text fusion-text-4\"><p>Pour Luxmed nous avons d\u00e9ploy\u00e9 la solution logicielle Appmedica.AM int\u00e9gr\u00e9 avec Active Directory<\/p>\n<div id=\"gtx-trans\" style=\"position: absolute; left: -10px; top: 38.3333px;\">\n<div class=\"gtx-trans-icon\"><\/div>\n<\/div>\n<\/div><\/div><\/div><div class=\"fusion-layout-column fusion_builder_column fusion-builder-column-7 fusion_builder_column_1_3 1_3 fusion-flex-column\" style=\"--awb-bg-size:cover;--awb-width-large:33.333333333333%;--awb-margin-top-large:0px;--awb-spacing-right-large:5.76%;--awb-margin-bottom-large:0px;--awb-spacing-left-large:5.76%;--awb-width-medium:100%;--awb-order-medium:0;--awb-spacing-right-medium:1.92%;--awb-spacing-left-medium:1.92%;--awb-width-small:100%;--awb-order-small:0;--awb-spacing-right-small:1.92%;--awb-spacing-left-small:1.92%;\"><div class=\"fusion-column-wrapper fusion-column-has-shadow fusion-flex-justify-content-flex-start fusion-content-layout-column\"><div class=\"fusion-image-element \" style=\"text-align:center;--awb-caption-title-font-family:var(--h2_typography-font-family);--awb-caption-title-font-weight:var(--h2_typography-font-weight);--awb-caption-title-font-style:var(--h2_typography-font-style);--awb-caption-title-size:var(--h2_typography-font-size);--awb-caption-title-transform:var(--h2_typography-text-transform);--awb-caption-title-line-height:var(--h2_typography-line-height);--awb-caption-title-letter-spacing:var(--h2_typography-letter-spacing);\"><span class=\" fusion-imageframe imageframe-none imageframe-5 hover-type-none same-image-frames-here\"><img decoding=\"async\" width=\"362\" height=\"170\" title=\"klient3\" src=\"http:\/\/appmedica.io\/wp-content\/uploads\/2021\/02\/klient3.svg\" alt class=\"img-responsive wp-image-1568\"\/><\/span><\/div><div class=\"fusion-text fusion-text-5 h4-black-here\" style=\"--awb-text-color:#000000;\"><h3>Centre d&rsquo;Oncologie &#8211; Institut Marie Sk\u0142odowska-Curie<\/h3>\n<\/div><div class=\"fusion-text fusion-text-6\"><p><span style=\"font-weight: 400;\">Nous avons impl\u00e9ment\u00e9 tous les modules d\u2019Appmedica pour les dispositifs m\u00e9dicaux, les services techniques, les \u00e9quipements informatiques. Nous avons \u00e9galement r\u00e9alis\u00e9 l\u2019int\u00e9gration avec le logiciel ERP.<\/span><\/p>\n<\/div><\/div><\/div><div class=\"fusion-layout-column fusion_builder_column fusion-builder-column-8 fusion_builder_column_1_3 1_3 fusion-flex-column\" style=\"--awb-bg-size:cover;--awb-width-large:33.333333333333%;--awb-margin-top-large:0px;--awb-spacing-right-large:5.76%;--awb-margin-bottom-large:0px;--awb-spacing-left-large:5.76%;--awb-width-medium:100%;--awb-order-medium:0;--awb-spacing-right-medium:1.92%;--awb-spacing-left-medium:1.92%;--awb-width-small:100%;--awb-order-small:0;--awb-spacing-right-small:1.92%;--awb-spacing-left-small:1.92%;\"><div class=\"fusion-column-wrapper fusion-column-has-shadow fusion-flex-justify-content-flex-start fusion-content-layout-column\"><div class=\"fusion-image-element \" style=\"text-align:center;--awb-caption-title-font-family:var(--h2_typography-font-family);--awb-caption-title-font-weight:var(--h2_typography-font-weight);--awb-caption-title-font-style:var(--h2_typography-font-style);--awb-caption-title-size:var(--h2_typography-font-size);--awb-caption-title-transform:var(--h2_typography-text-transform);--awb-caption-title-line-height:var(--h2_typography-line-height);--awb-caption-title-letter-spacing:var(--h2_typography-letter-spacing);\"><span class=\" fusion-imageframe imageframe-none imageframe-6 hover-type-none same-image-frames-here\"><img decoding=\"async\" width=\"362\" height=\"170\" title=\"klient4\" src=\"http:\/\/appmedica.io\/wp-content\/uploads\/2021\/02\/klient4.svg\" alt class=\"img-responsive wp-image-1569\"\/><\/span><\/div><div class=\"fusion-text fusion-text-7 h4-black-here\" style=\"--awb-text-color:#000000;\"><h3>UMED \u00e0 Lodz<\/h3>\n<\/div><div class=\"fusion-text fusion-text-8\"><p><span style=\"font-weight: 400;\">Tous les modules d\u2019Appmedica, l&rsquo;int\u00e9gration avec l&rsquo;acc\u00e8s aux salles, le logiciel du bureau du doyen, l&rsquo;ERP, IBM BMP, Active directory (SSO) et Sharepoint.<\/span><\/p>\n<div id=\"gtx-trans\" style=\"position: absolute; left: 730px; top: 38.3333px;\">\n<div class=\"gtx-trans-icon\"><\/div>\n<\/div>\n<\/div><\/div><\/div><\/div><\/div><div class=\"fusion-fullwidth fullwidth-box fusion-builder-row-4 fusion-flex-container nonhundred-percent-fullwidth non-hundred-percent-height-scrolling\" style=\"--awb-border-radius-top-left:0px;--awb-border-radius-top-right:0px;--awb-border-radius-bottom-right:0px;--awb-border-radius-bottom-left:0px;--awb-margin-top:125px;--awb-margin-bottom:60px;--awb-flex-wrap:wrap;\" ><div class=\"fusion-builder-row fusion-row fusion-flex-align-items-center fusion-flex-content-wrap\" style=\"max-width:1341.6px;margin-left: calc(-4% \/ 2 );margin-right: calc(-4% \/ 2 );\"><div class=\"fusion-layout-column fusion_builder_column fusion-builder-column-9 fusion_builder_column_1_1 1_1 fusion-flex-column\" style=\"--awb-bg-size:cover;--awb-width-large:100%;--awb-margin-top-large:0px;--awb-spacing-right-large:1.92%;--awb-margin-bottom-large:0px;--awb-spacing-left-large:1.92%;--awb-width-medium:100%;--awb-order-medium:0;--awb-spacing-right-medium:1.92%;--awb-spacing-left-medium:1.92%;--awb-width-small:100%;--awb-order-small:0;--awb-spacing-right-small:1.92%;--awb-spacing-left-small:1.92%;\"><div class=\"fusion-column-wrapper fusion-column-has-shadow fusion-flex-justify-content-flex-start fusion-content-layout-column\"><div class=\"fusion-title title fusion-title-5 fusion-sep-none fusion-title-center fusion-title-text fusion-title-size-four\" style=\"--awb-font-size:18px;\"><h4 class=\"fusion-title-heading title-heading-center fusion-responsive-typography-calculated\" style=\"margin:0;font-size:1em;--fontSize:18;--minFontSize:18;line-height:1.5;\">Vous voulez passer au niveau sup\u00e9rieur dans la gestion de votre \u00e9tablissement de sant\u00e9?<\/h4><\/div><div class=\"fusion-title title fusion-title-6 fusion-sep-none fusion-title-center fusion-title-text fusion-title-size-one\" style=\"--awb-margin-top:30px;--awb-margin-bottom:20px;\"><h1 class=\"fusion-title-heading title-heading-center fusion-responsive-typography-calculated\" style=\"margin:0;--fontSize:50;line-height:1.2;\">Rejoignez nos Clients satisfaits<\/h1><\/div><div style=\"text-align:center;\"><a class=\"fusion-button button-flat button-xlarge button-custom fusion-button-default button-1 fusion-button-default-span \" style=\"--button_accent_color:#ffffff;--button_border_color:#4bbe7c;--button_accent_hover_color:#ffffff;--button_border_hover_color:#4bbe7c;--button_border_width-top:2px;--button_border_width-right:2px;--button_border_width-bottom:2px;--button_border_width-left:2px;--button_gradient_top_color:#4bbe7c;--button_gradient_bottom_color:#4bbe7c;--button_gradient_top_color_hover:#4bbe7c;--button_gradient_bottom_color_hover:#4bbe7c;--button_text_transform:none;--button_margin-top:30px;\" target=\"_self\" href=\"https:\/\/appmedica.io\/fr\/contactez-nous-2\/\"><span class=\"fusion-button-text awb-button__text awb-button__text--default\">Contactez-nous<\/span><\/a><\/div><\/div><\/div><\/div><\/div><\/p>\n","protected":false},"excerpt":{"rendered":"","protected":false},"author":2,"featured_media":0,"parent":0,"menu_order":0,"comment_status":"closed","ping_status":"closed","template":"","meta":{"inline_featured_image":false,"footnotes":""},"class_list":["post-2669","page","type-page","status-publish","hentry"],"yoast_head":"<!-- This site is optimized with the Yoast SEO plugin v27.5 - https:\/\/yoast.com\/product\/yoast-seo-wordpress\/ -->\n<title>D\u00e9ploiements d\u00e9di\u00e9s - Appmedica<\/title>\n<meta name=\"robots\" content=\"index, follow, max-snippet:-1, max-image-preview:large, max-video-preview:-1\" \/>\n<link rel=\"canonical\" href=\"https:\/\/appmedica.io\/fr\/deploiements-dedies\/\" \/>\n<meta property=\"og:locale\" content=\"fr_FR\" \/>\n<meta property=\"og:type\" content=\"article\" \/>\n<meta property=\"og:title\" content=\"D\u00e9ploiements d\u00e9di\u00e9s - Appmedica\" \/>\n<meta property=\"og:url\" content=\"https:\/\/appmedica.io\/fr\/deploiements-dedies\/\" \/>\n<meta property=\"og:site_name\" content=\"Appmedica\" \/>\n<meta property=\"article:modified_time\" content=\"2021-09-01T11:56:20+00:00\" \/>\n<meta name=\"twitter:card\" content=\"summary_large_image\" \/>\n<meta name=\"twitter:label1\" content=\"Dur\u00e9e de lecture estim\u00e9e\" \/>\n\t<meta name=\"twitter:data1\" content=\"30 minutes\" \/>\n<script type=\"application\/ld+json\" class=\"yoast-schema-graph\">{\"@context\":\"https:\\\/\\\/schema.org\",\"@graph\":[{\"@type\":\"WebPage\",\"@id\":\"https:\\\/\\\/appmedica.io\\\/fr\\\/deploiements-dedies\\\/\",\"url\":\"https:\\\/\\\/appmedica.io\\\/fr\\\/deploiements-dedies\\\/\",\"name\":\"D\u00e9ploiements d\u00e9di\u00e9s - Appmedica\",\"isPartOf\":{\"@id\":\"https:\\\/\\\/appmedica.io\\\/en\\\/#website\"},\"datePublished\":\"2021-03-24T04:41:57+00:00\",\"dateModified\":\"2021-09-01T11:56:20+00:00\",\"breadcrumb\":{\"@id\":\"https:\\\/\\\/appmedica.io\\\/fr\\\/deploiements-dedies\\\/#breadcrumb\"},\"inLanguage\":\"fr-FR\",\"potentialAction\":[{\"@type\":\"ReadAction\",\"target\":[\"https:\\\/\\\/appmedica.io\\\/fr\\\/deploiements-dedies\\\/\"]}]},{\"@type\":\"BreadcrumbList\",\"@id\":\"https:\\\/\\\/appmedica.io\\\/fr\\\/deploiements-dedies\\\/#breadcrumb\",\"itemListElement\":[{\"@type\":\"ListItem\",\"position\":1,\"name\":\"Strona g\u0142\u00f3wna\",\"item\":\"https:\\\/\\\/appmedica.io\\\/\"},{\"@type\":\"ListItem\",\"position\":2,\"name\":\"D\u00e9ploiements d\u00e9di\u00e9s\"}]},{\"@type\":\"WebSite\",\"@id\":\"https:\\\/\\\/appmedica.io\\\/en\\\/#website\",\"url\":\"https:\\\/\\\/appmedica.io\\\/en\\\/\",\"name\":\"Appmedica\",\"description\":\"CMMS dla szpitali i przychodni\",\"publisher\":{\"@id\":\"https:\\\/\\\/appmedica.io\\\/en\\\/#organization\"},\"potentialAction\":[{\"@type\":\"SearchAction\",\"target\":{\"@type\":\"EntryPoint\",\"urlTemplate\":\"https:\\\/\\\/appmedica.io\\\/en\\\/?s={search_term_string}\"},\"query-input\":{\"@type\":\"PropertyValueSpecification\",\"valueRequired\":true,\"valueName\":\"search_term_string\"}}],\"inLanguage\":\"fr-FR\"},{\"@type\":\"Organization\",\"@id\":\"https:\\\/\\\/appmedica.io\\\/en\\\/#organization\",\"name\":\"Invest It Sp. z o.o.\",\"url\":\"https:\\\/\\\/appmedica.io\\\/en\\\/\",\"logo\":{\"@type\":\"ImageObject\",\"inLanguage\":\"fr-FR\",\"@id\":\"https:\\\/\\\/appmedica.io\\\/en\\\/#\\\/schema\\\/logo\\\/image\\\/\",\"url\":\"http:\\\/\\\/appmedica.io\\\/wp-content\\\/uploads\\\/2021\\\/04\\\/logo-invest-horizontal-1.svg\",\"contentUrl\":\"http:\\\/\\\/appmedica.io\\\/wp-content\\\/uploads\\\/2021\\\/04\\\/logo-invest-horizontal-1.svg\",\"width\":212,\"height\":66,\"caption\":\"Invest It Sp. z o.o.\"},\"image\":{\"@id\":\"https:\\\/\\\/appmedica.io\\\/en\\\/#\\\/schema\\\/logo\\\/image\\\/\"}}]}<\/script>\n<!-- \/ Yoast SEO plugin. -->","yoast_head_json":{"title":"D\u00e9ploiements d\u00e9di\u00e9s - Appmedica","robots":{"index":"index","follow":"follow","max-snippet":"max-snippet:-1","max-image-preview":"max-image-preview:large","max-video-preview":"max-video-preview:-1"},"canonical":"https:\/\/appmedica.io\/fr\/deploiements-dedies\/","og_locale":"fr_FR","og_type":"article","og_title":"D\u00e9ploiements d\u00e9di\u00e9s - Appmedica","og_url":"https:\/\/appmedica.io\/fr\/deploiements-dedies\/","og_site_name":"Appmedica","article_modified_time":"2021-09-01T11:56:20+00:00","twitter_card":"summary_large_image","twitter_misc":{"Dur\u00e9e de lecture estim\u00e9e":"30 minutes"},"schema":{"@context":"https:\/\/schema.org","@graph":[{"@type":"WebPage","@id":"https:\/\/appmedica.io\/fr\/deploiements-dedies\/","url":"https:\/\/appmedica.io\/fr\/deploiements-dedies\/","name":"D\u00e9ploiements d\u00e9di\u00e9s - Appmedica","isPartOf":{"@id":"https:\/\/appmedica.io\/en\/#website"},"datePublished":"2021-03-24T04:41:57+00:00","dateModified":"2021-09-01T11:56:20+00:00","breadcrumb":{"@id":"https:\/\/appmedica.io\/fr\/deploiements-dedies\/#breadcrumb"},"inLanguage":"fr-FR","potentialAction":[{"@type":"ReadAction","target":["https:\/\/appmedica.io\/fr\/deploiements-dedies\/"]}]},{"@type":"BreadcrumbList","@id":"https:\/\/appmedica.io\/fr\/deploiements-dedies\/#breadcrumb","itemListElement":[{"@type":"ListItem","position":1,"name":"Strona g\u0142\u00f3wna","item":"https:\/\/appmedica.io\/"},{"@type":"ListItem","position":2,"name":"D\u00e9ploiements d\u00e9di\u00e9s"}]},{"@type":"WebSite","@id":"https:\/\/appmedica.io\/en\/#website","url":"https:\/\/appmedica.io\/en\/","name":"Appmedica","description":"CMMS dla szpitali i przychodni","publisher":{"@id":"https:\/\/appmedica.io\/en\/#organization"},"potentialAction":[{"@type":"SearchAction","target":{"@type":"EntryPoint","urlTemplate":"https:\/\/appmedica.io\/en\/?s={search_term_string}"},"query-input":{"@type":"PropertyValueSpecification","valueRequired":true,"valueName":"search_term_string"}}],"inLanguage":"fr-FR"},{"@type":"Organization","@id":"https:\/\/appmedica.io\/en\/#organization","name":"Invest It Sp. z o.o.","url":"https:\/\/appmedica.io\/en\/","logo":{"@type":"ImageObject","inLanguage":"fr-FR","@id":"https:\/\/appmedica.io\/en\/#\/schema\/logo\/image\/","url":"http:\/\/appmedica.io\/wp-content\/uploads\/2021\/04\/logo-invest-horizontal-1.svg","contentUrl":"http:\/\/appmedica.io\/wp-content\/uploads\/2021\/04\/logo-invest-horizontal-1.svg","width":212,"height":66,"caption":"Invest It Sp. z o.o."},"image":{"@id":"https:\/\/appmedica.io\/en\/#\/schema\/logo\/image\/"}}]}},"_links":{"self":[{"href":"https:\/\/appmedica.io\/fr\/wp-json\/wp\/v2\/pages\/2669","targetHints":{"allow":["GET"]}}],"collection":[{"href":"https:\/\/appmedica.io\/fr\/wp-json\/wp\/v2\/pages"}],"about":[{"href":"https:\/\/appmedica.io\/fr\/wp-json\/wp\/v2\/types\/page"}],"author":[{"embeddable":true,"href":"https:\/\/appmedica.io\/fr\/wp-json\/wp\/v2\/users\/2"}],"replies":[{"embeddable":true,"href":"https:\/\/appmedica.io\/fr\/wp-json\/wp\/v2\/comments?post=2669"}],"version-history":[{"count":78,"href":"https:\/\/appmedica.io\/fr\/wp-json\/wp\/v2\/pages\/2669\/revisions"}],"predecessor-version":[{"id":4281,"href":"https:\/\/appmedica.io\/fr\/wp-json\/wp\/v2\/pages\/2669\/revisions\/4281"}],"wp:attachment":[{"href":"https:\/\/appmedica.io\/fr\/wp-json\/wp\/v2\/media?parent=2669"}],"curies":[{"name":"wp","href":"https:\/\/api.w.org\/{rel}","templated":true}]}}